{"id":39,"date":"2025-12-18T12:51:37","date_gmt":"2025-12-18T12:51:37","guid":{"rendered":"https:\/\/afyonyilmaznakliyat.com\/?page_id=39"},"modified":"2025-12-19T12:17:57","modified_gmt":"2025-12-19T12:17:57","slug":"https-afyonyilmaznakliyat-com-afyon-kamyon-garaji","status":"publish","type":"page","link":"https:\/\/afyonyilmaznakliyat.com\/","title":{"rendered":"\u200e\u200e\u200e\u200e\u200e\u200e\u200e\u200e\u200e\u200e\u200e\u200e\u200e\u200e\u200e\u200e\u200e\u200e\u200e\u200e\u200e\u200e"},"content":{"rendered":"\t\t<div data-elementor-type=\"wp-page\" data-elementor-id=\"39\" class=\"elementor elementor-39\" data-elementor-post-type=\"page\">\n\t\t\t\t<div class=\"elementor-element elementor-element-9334a9b e-flex e-con-boxed e-con e-parent\" data-id=\"9334a9b\" data-element_type=\"container\">\n\t\t\t\t\t<div class=\"e-con-inner\">\n\t\t\t\t<div class=\"elementor-element elementor-element-3905f56 elementor-widget elementor-widget-heading\" data-id=\"3905f56\" data-element_type=\"widget\" data-widget_type=\"heading.default\">\n\t\t\t\t\t<h1 class=\"elementor-heading-title elementor-size-default\">AFYON YILMAZ NAKL\u0130YAT <br>YILMAZ G\u0130RG\u0130N<br>0532 382 1421<\/h1>\t\t\t\t<\/div>\n\t\t\t\t<div class=\"elementor-element elementor-element-9bdc653 elementor-widget elementor-widget-text-editor\" data-id=\"9bdc653\" data-element_type=\"widget\" data-settings=\"{&quot;motion_fx_motion_fx_scrolling&quot;:&quot;yes&quot;,&quot;motion_fx_devices&quot;:[&quot;desktop&quot;,&quot;tablet&quot;,&quot;mobile&quot;]}\" data-widget_type=\"text-editor.default\">\n\t\t\t\t\t\t\t\t\t<h6><em><strong><span dir=\"auto\" style=\"vertical-align: inherit\"><span dir=\"auto\" style=\"vertical-align: inherit\">AFYON KAMYON GARAJINDA BULUNAN F\u0130RMAMIZ 2009 YILINDA KURULMU\u015e OLUP EVDEN EVE , \u0130LDEN \u0130LE HER T\u00dcRL\u00dc Y\u00dcK TA\u015eIMACILI\u011eI H\u0130ZMET\u0130 VERMEKTED\u0130R.<\/span><\/span><\/strong><\/em><\/h6>\t\t\t\t\t\t\t\t<\/div>\n\t\t\t\t<div class=\"elementor-element elementor-element-e6aefb2 elementor-widget__width-initial elementor-widget elementor-widget-image\" data-id=\"e6aefb2\" data-element_type=\"widget\" data-settings=\"{&quot;motion_fx_motion_fx_scrolling&quot;:&quot;yes&quot;,&quot;motion_fx_devices&quot;:[&quot;desktop&quot;,&quot;tablet&quot;,&quot;mobile&quot;]}\" data-widget_type=\"image.default\">\n\t\t\t\t\t\t\t\t\t\t\t\t\t\t\t<img fetchpriority=\"high\" decoding=\"async\" width=\"1536\" height=\"1024\" src=\"https:\/\/afyonyilmaznakliyat.com\/wp-content\/uploads\/2025\/12\/Adsiz-tasarim-1.png\" class=\"attachment-1536x1536 size-1536x1536 wp-image-47\" alt=\"afyonyilmaznakliyat , afyon y\u0131lmaz nakliyat , afyon kamyon garaj\u0131 ,afyondaki nakliyeciler\" srcset=\"https:\/\/afyonyilmaznakliyat.com\/wp-content\/uploads\/2025\/12\/Adsiz-tasarim-1.png 1536w, https:\/\/afyonyilmaznakliyat.com\/wp-content\/uploads\/2025\/12\/Adsiz-tasarim-1-300x200.png 300w, https:\/\/afyonyilmaznakliyat.com\/wp-content\/uploads\/2025\/12\/Adsiz-tasarim-1-1024x683.png 1024w, https:\/\/afyonyilmaznakliyat.com\/wp-content\/uploads\/2025\/12\/Adsiz-tasarim-1-768x512.png 768w\" sizes=\"(max-width: 1536px) 100vw, 1536px\" \/>\t\t\t\t\t\t\t\t\t\t\t\t\t\t\t<\/div>\n\t\t\t\t\t<\/div>\n\t\t\t\t<\/div>\n\t\t<div class=\"elementor-element elementor-element-0277daf e-flex e-con-boxed e-con e-parent\" data-id=\"0277daf\" data-element_type=\"container\">\n\t\t\t\t\t<div class=\"e-con-inner\">\n\t\t\t\t<div class=\"elementor-element elementor-element-ab19b39 elementor-widget__width-initial elementor-widget elementor-widget-google_maps\" data-id=\"ab19b39\" data-element_type=\"widget\" data-widget_type=\"google_maps.default\">\n\t\t\t\t\t\t\t<div class=\"elementor-custom-embed\">\n\t\t\t<iframe loading=\"lazy\"\n\t\t\t\t\tsrc=\"https:\/\/maps.google.com\/maps?q=Y%C4%B1lmaz%20Nakliyat%20Af-nak%20Kamyon%20Garaj%C4%B1%20No%3A9&#038;t=m&#038;z=15&#038;output=embed&#038;iwloc=near\"\n\t\t\t\t\ttitle=\"Y\u0131lmaz Nakliyat Af-nak Kamyon Garaj\u0131 No:9\"\n\t\t\t\t\taria-label=\"Y\u0131lmaz Nakliyat Af-nak Kamyon Garaj\u0131 No:9\"\n\t\t\t><\/iframe>\n\t\t<\/div>\n\t\t\t\t\t\t<\/div>\n\t\t\t\t\t<\/div>\n\t\t\t\t<\/div>\n\t\t<div class=\"elementor-element elementor-element-31def31 e-flex e-con-boxed e-con e-parent\" data-id=\"31def31\" data-element_type=\"container\">\n\t\t\t\t\t<div class=\"e-con-inner\">\n\t\t\t\t<div class=\"elementor-element elementor-element-fae904f elementor-widget elementor-widget-gallery\" data-id=\"fae904f\" data-element_type=\"widget\" data-settings=\"{&quot;gallery_layout&quot;:&quot;justified&quot;,&quot;link_to&quot;:&quot;custom&quot;,&quot;url&quot;:{&quot;url&quot;:&quot;https:\\\/\\\/www.facebook.com\\\/share\\\/1BsjeAQG8D\\\/?mibextid=wwXIfr&quot;,&quot;is_external&quot;:&quot;&quot;,&quot;nofollow&quot;:&quot;&quot;,&quot;custom_attributes&quot;:&quot;&quot;},&quot;lazyload&quot;:&quot;yes&quot;,&quot;ideal_row_height&quot;:{&quot;unit&quot;:&quot;px&quot;,&quot;size&quot;:200,&quot;sizes&quot;:[]},&quot;ideal_row_height_tablet&quot;:{&quot;unit&quot;:&quot;px&quot;,&quot;size&quot;:150,&quot;sizes&quot;:[]},&quot;ideal_row_height_mobile&quot;:{&quot;unit&quot;:&quot;px&quot;,&quot;size&quot;:150,&quot;sizes&quot;:[]},&quot;gap&quot;:{&quot;unit&quot;:&quot;px&quot;,&quot;size&quot;:10,&quot;sizes&quot;:[]},&quot;gap_tablet&quot;:{&quot;unit&quot;:&quot;px&quot;,&quot;size&quot;:10,&quot;sizes&quot;:[]},&quot;gap_mobile&quot;:{&quot;unit&quot;:&quot;px&quot;,&quot;size&quot;:10,&quot;sizes&quot;:[]},&quot;overlay_background&quot;:&quot;yes&quot;,&quot;content_hover_animation&quot;:&quot;fade-in&quot;}\" data-widget_type=\"gallery.default\">\n\t\t\t\t\t\t\t<div class=\"elementor-gallery__container\">\n\t\t\t\t\t\t\t<a class=\"e-gallery-item elementor-gallery-item elementor-animated-content\" href=\"https:\/\/www.facebook.com\/share\/1BsjeAQG8D\/?mibextid=wwXIfr\" target=\"_blank\" rel=\"noopener\">\n\t\t\t\t\t<div class=\"e-gallery-image elementor-gallery-item__image\" data-thumbnail=\"https:\/\/afyonyilmaznakliyat.com\/wp-content\/uploads\/2025\/12\/2025-06-20.webp\" data-width=\"680\" data-height=\"510\" aria-label=\"afyonyilmaznakliyat , afyon y\u0131lmaz nakliyat , afyon kamyon garaj\u0131 ,afyondaki nakliyeciler\" role=\"img\" ><\/div>\n\t\t\t\t\t\t\t\t\t\t\t<div class=\"elementor-gallery-item__overlay\"><\/div>\n\t\t\t\t\t\t\t\t\t\t\t\t\t\t<\/a>\n\t\t\t\t\t\t\t<a class=\"e-gallery-item elementor-gallery-item elementor-animated-content\" href=\"https:\/\/www.facebook.com\/share\/1BsjeAQG8D\/?mibextid=wwXIfr\" target=\"_blank\" rel=\"noopener\">\n\t\t\t\t\t<div class=\"e-gallery-image elementor-gallery-item__image\" data-thumbnail=\"https:\/\/afyonyilmaznakliyat.com\/wp-content\/uploads\/2025\/12\/2025-04-09-1.webp\" data-width=\"680\" data-height=\"510\" aria-label=\"afyonyilmaznakliyat , afyon y\u0131lmaz nakliyat , afyon kamyon garaj\u0131 ,afyondaki nakliyeciler\" role=\"img\" ><\/div>\n\t\t\t\t\t\t\t\t\t\t\t<div class=\"elementor-gallery-item__overlay\"><\/div>\n\t\t\t\t\t\t\t\t\t\t\t\t\t\t<\/a>\n\t\t\t\t\t\t\t<a class=\"e-gallery-item elementor-gallery-item elementor-animated-content\" href=\"https:\/\/www.facebook.com\/share\/1BsjeAQG8D\/?mibextid=wwXIfr\" target=\"_blank\" rel=\"noopener\">\n\t\t\t\t\t<div class=\"e-gallery-image elementor-gallery-item__image\" data-thumbnail=\"https:\/\/afyonyilmaznakliyat.com\/wp-content\/uploads\/2025\/12\/2025-04-09-3.webp\" data-width=\"382\" data-height=\"510\" aria-label=\"afyonyilmaznakliyat , afyon y\u0131lmaz nakliyat , afyon kamyon garaj\u0131 ,afyondaki nakliyeciler\" role=\"img\" ><\/div>\n\t\t\t\t\t\t\t\t\t\t\t<div class=\"elementor-gallery-item__overlay\"><\/div>\n\t\t\t\t\t\t\t\t\t\t\t\t\t\t<\/a>\n\t\t\t\t\t\t\t<a class=\"e-gallery-item elementor-gallery-item elementor-animated-content\" href=\"https:\/\/www.facebook.com\/share\/1BsjeAQG8D\/?mibextid=wwXIfr\" target=\"_blank\" rel=\"noopener\">\n\t\t\t\t\t<div class=\"e-gallery-image elementor-gallery-item__image\" data-thumbnail=\"https:\/\/afyonyilmaznakliyat.com\/wp-content\/uploads\/2025\/12\/2025-04-09-4-Duzenlendi.jpg\" data-width=\"607\" data-height=\"375\" aria-label=\"\" role=\"img\" ><\/div>\n\t\t\t\t\t\t\t\t\t\t\t<div class=\"elementor-gallery-item__overlay\"><\/div>\n\t\t\t\t\t\t\t\t\t\t\t\t\t\t<\/a>\n\t\t\t\t\t<\/div>\n\t\t\t\t\t<\/div>\n\t\t\t\t\t<\/div>\n\t\t\t\t<\/div>\n\t\t\t\t<\/div>\n\t\t","protected":false},"excerpt":{"rendered":"<p>AFYON YILMAZ NAKL\u0130YAT YILMAZ G\u0130RG\u0130N0532 382 1421 AFYON KAMYON GARAJINDA BULUNAN F\u0130RMAMIZ 2009 YILINDA KURULMU\u015e OLUP EVDEN EVE , \u0130LDEN \u0130LE HER T\u00dcRL\u00dc Y\u00dcK TA\u015eIMACILI\u011eI H\u0130ZMET\u0130 VERMEKTED\u0130R.<\/p>\n","protected":false},"author":1,"featured_media":0,"parent":0,"menu_order":0,"comment_status":"closed","ping_status":"closed","template":"elementor_theme","meta":{"_monsterinsights_skip_tracking":false,"_monsterinsights_sitenote_active":false,"_monsterinsights_sitenote_note":"","_monsterinsights_sitenote_category":0,"footnotes":""},"class_list":["post-39","page","type-page","status-publish","hentry"],"_links":{"self":[{"href":"https:\/\/afyonyilmaznakliyat.com\/index.php?rest_route=\/wp\/v2\/pages\/39","targetHints":{"allow":["GET"]}}],"collection":[{"href":"https:\/\/afyonyilmaznakliyat.com\/index.php?rest_route=\/wp\/v2\/pages"}],"about":[{"href":"https:\/\/afyonyilmaznakliyat.com\/index.php?rest_route=\/wp\/v2\/types\/page"}],"author":[{"embeddable":true,"href":"https:\/\/afyonyilmaznakliyat.com\/index.php?rest_route=\/wp\/v2\/users\/1"}],"replies":[{"embeddable":true,"href":"https:\/\/afyonyilmaznakliyat.com\/index.php?rest_route=%2Fwp%2Fv2%2Fcomments&post=39"}],"version-history":[{"count":100,"href":"https:\/\/afyonyilmaznakliyat.com\/index.php?rest_route=\/wp\/v2\/pages\/39\/revisions"}],"predecessor-version":[{"id":172,"href":"https:\/\/afyonyilmaznakliyat.com\/index.php?rest_route=\/wp\/v2\/pages\/39\/revisions\/172"}],"wp:attachment":[{"href":"https:\/\/afyonyilmaznakliyat.com\/index.php?rest_route=%2Fwp%2Fv2%2Fmedia&parent=39"}],"curies":[{"name":"wp","href":"https:\/\/api.w.org\/{rel}","templated":true}]}}